{"id":124,"date":"2024-12-19T22:57:53","date_gmt":"2024-12-19T22:57:53","guid":{"rendered":"https:\/\/evaapartman.hu\/?page_id=124"},"modified":"2025-01-30T21:10:45","modified_gmt":"2025-01-30T20:10:45","slug":"latvanyossagok","status":"publish","type":"page","link":"https:\/\/evaapartman.hu\/en\/latvanyossagok\/","title":{"rendered":"L\u00e1tnival\u00f3k"},"content":{"rendered":"\n<p><strong>\u00c9ttermek a k\u00f6rny\u00e9ken:<\/strong><\/p>\n\n\n\n<p><a href=\"https:\/\/www.nosalty.hu\/ajanlo\/etterem-bisztro-vendeglatohely-buda-budafok-xxii-kerulet-budateteny\">Barangold be Budafokot \u00e9s Budat\u00e9t\u00e9nyt \u2013 A legjobb \u00e9ttermeket aj\u00e1nljuk | Nosalty<\/a><\/p>\n\n\n\n<p><strong>K\u00f6zeli kir\u00e1ndul\u00f3helyek:<\/strong><\/p>\n\n\n\n\n\n<hr class=\"wp-block-separator has-alpha-channel-opacity\"\/>\n\n\n\n<p><\/p>\n\n\n\n\n\n<hr class=\"wp-block-separator has-alpha-channel-opacity\"\/>\n\n\n\n<p><\/p>\n\n\n\n\n\n<hr class=\"wp-block-separator has-alpha-channel-opacity\"\/>\n\n\n\n<p><\/p>\n\n\n\n<p><strong>L\u00e1tv\u00e1nyoss\u00e1gok a k\u00f6rny\u00e9ken:<\/strong><\/p>\n\n\n\n\n\n\n\n<hr class=\"wp-block-separator has-alpha-channel-opacity\"\/>\n\n\n\n<p><\/p>\n\n\n\n\n\n<hr class=\"wp-block-separator has-alpha-channel-opacity\"\/>\n\n\n\n<p><\/p>\n\n\n\n\n\n<hr class=\"wp-block-separator has-alpha-channel-opacity\"\/>\n\n\n\n\n\n<hr class=\"wp-block-separator has-alpha-channel-opacity\"\/>\n\n\n\n\n\n<hr class=\"wp-block-separator has-alpha-channel-opacity\"\/>\n\n\n\n\n\n<hr class=\"wp-block-separator has-alpha-channel-opacity\"\/>\n\n\n\n\n\n\n\n\n","protected":false},"excerpt":{"rendered":"<p>\u00c9ttermek a k\u00f6rny\u00e9ken: Barangold be Budafokot \u00e9s Budat\u00e9t\u00e9nyt \u2013 A legjobb \u00e9ttermeket aj\u00e1nljuk | Nosalty K\u00f6zeli kir\u00e1ndul\u00f3helyek: Kamaraerd\u0151 T\u00e9t\u00e9nyi fenns\u00edk Fundoklia v\u00f6lgy L\u00e1tv\u00e1nyoss\u00e1gok a k\u00f6rny\u00e9ken: &hellip;<\/p>\n","protected":false},"author":3,"featured_media":0,"parent":0,"menu_order":0,"comment_status":"closed","ping_status":"closed","template":"","meta":{"saved_in_kubio":true,"footnotes":""},"class_list":["post-124","page","type-page","status-publish","hentry"],"kubio_ai_page_context":{"short_desc":"","purpose":"general"},"jetpack_sharing_enabled":true,"_links":{"self":[{"href":"https:\/\/evaapartman.hu\/en\/wp-json\/wp\/v2\/pages\/124","targetHints":{"allow":["GET"]}}],"collection":[{"href":"https:\/\/evaapartman.hu\/en\/wp-json\/wp\/v2\/pages"}],"about":[{"href":"https:\/\/evaapartman.hu\/en\/wp-json\/wp\/v2\/types\/page"}],"author":[{"embeddable":true,"href":"https:\/\/evaapartman.hu\/en\/wp-json\/wp\/v2\/users\/3"}],"replies":[{"embeddable":true,"href":"https:\/\/evaapartman.hu\/en\/wp-json\/wp\/v2\/comments?post=124"}],"version-history":[{"count":52,"href":"https:\/\/evaapartman.hu\/en\/wp-json\/wp\/v2\/pages\/124\/revisions"}],"predecessor-version":[{"id":1548,"href":"https:\/\/evaapartman.hu\/en\/wp-json\/wp\/v2\/pages\/124\/revisions\/1548"}],"wp:attachment":[{"href":"https:\/\/evaapartman.hu\/en\/wp-json\/wp\/v2\/media?parent=124"}],"curies":[{"name":"wp","href":"https:\/\/api.w.org\/{rel}","templated":true}]}}