{"id":1171,"date":"2025-01-18T12:26:07","date_gmt":"2025-01-18T11:26:07","guid":{"rendered":"https:\/\/evaapartman.hu\/?page_id=1171"},"modified":"2025-08-04T14:06:44","modified_gmt":"2025-08-04T13:06:44","slug":"kozlekedes","status":"publish","type":"page","link":"https:\/\/evaapartman.hu\/en\/kozlekedes\/","title":{"rendered":"K\u00f6zleked\u00e9s"},"content":{"rendered":"\n<p>Itt vagyunk. A sarkon a 114\/214 buszok meg\u00e1ll\u00f3i. K\u00f6zvetlen a sarkon t\u00fal a 213, 287 meg\u00e1ll\u00f3k. <\/p>\n\n\n<p>&nbsp;<\/p>\n<p>&nbsp;<\/p>\n<p><iframe loading=\"lazy\" style=\"border: 0;\" src=\"https:\/\/www.google.com\/maps\/embed?pb=!1m18!1m12!1m3!1d861.3407100343384!2d18.992857457741604!3d47.412174659960286!2m3!1f0!2f0!3f0!3m2!1i1024!2i768!4f13.1!3m3!1m2!1s0x4741e71f352234af%3A0x4007644b1420f222!2sBudapest%2C%20XIII.%20u.%206%2C%201222!5e1!3m2!1shu!2shu!4v1735249430577!5m2!1shu!2shu\" width=\"600\" height=\"450\" allowfullscreen=\"allowfullscreen\"><\/iframe><\/p>\n<p>&nbsp;<\/p>\n<p>&nbsp;<\/p>\n\n\n<p>Aut\u00f3val a f\u0151v\u00e1rosba \u00e9rkez\u0151k az M0-\u00e1s aut\u00f3\u00fat vagy a 7-es f\u0151\u00fat fel\u0151l k\u00f6zel\u00edthetik meg legk\u00f6nnyebben. Parkol\u00e1si lehet\u0151s\u00e9g a sz\u00e1ll\u00e1shely udvar\u00e1n ingyenes.<\/p>\n\n\n\n<p>Vonattal a Campona vas\u00fat\u00e1llom\u00e1s a legk\u00e9nyelmesebb. Innen a 114\/214\/213\/287 buszokkal a XIII. utc\u00e1ig.<\/p>\n\n\n\n<p><\/p>\n\n\n\n\n\n<p>Aut\u00f3val a budapesti k\u00f6zleked\u00e9s el\u00e9g stresszes, tekintve a dug\u00f3kat \u00e9s a parkol\u00e1si kih\u00edv\u00e1sokat. <\/p>\n\n\n\n\n\n<p>A t\u00f6megk\u00f6zleked\u00e9s viszont j\u00f3 alternat\u00edva. A legk\u00f6nnyebben \u00fagy tervezheti meg \u00fatj\u00e1t, hogy haszn\u00e1lja a <strong>BUDAPEST GO<\/strong> applik\u00e1ci\u00f3t a telefonj\u00e1n:<\/p>\n\n\n\n\n\n<p>A sz\u00e1ll\u00e1shelyt\u0151l kb. 50 m-re tal\u00e1lhat\u00f3 a 114 \u00e9s 214 buszok beg\u00e1ll\u00f3ja. Ezekkel k\u00f6nnyen el\u00e9rhet\u0151 c\u00e9lpont a Campona, a 4-es metr\u00f3, ill. a M\u00f3ricz Zsigmond k\u00f6rt\u00e9r. A k\u00f6zelben van m\u00e9g a 213-as busz meg\u00e1ll\u00f3ja is, ami a k\u00f6zpont fel\u00e9 szint\u00e9n j\u00f3, de visszafel\u00e9 m\u00e1r csak a r\u00e1\u00e9r\u0151s\u00f6knek aj\u00e1nlott: a Bart\u00f3k B\u00e9la \u00fat\/T\u00f6r\u00f6k utca fel\u00e9 ker\u00fclve hosszabb az \u00fatvonala. Szint\u00e9n ebben a meg\u00e1ll\u00f3ban \u00e1ll meg a 287-es is, ami a Campon\u00e1t\u00f3l indulva Buda\u00f6srs fel\u00e9 biztos\u00edt \u00e1tj\u00e1r\u00e1st.<\/p>\n\n\n\n<p>A 114\/214\/213 \u00fatvonal\u00e1n a Bik\u00e1s Park meg\u00e1ll\u00f3n\u00e1l \u00e1tsz\u00e1llhat a 4-es Metr\u00f3ra, ami eg\u00e9szen a Keleti P\u00e1lyaudvarig visz, csatlakoz\u00e1sokkal a t\u00f6bbi metr\u00f3vonalhoz.<\/p>\n\n\n\n<p>Egy gyorsabb lehet\u0151s\u00e9g az \u00d6rmez\u0151h\u00f6z (Kelenf\u00f6ldi p\u00e1lyaudvar) a 114-es busz \u00e1tsz\u00e1ll\u00e1ssal a 101E-re. Kelenf\u00f6ld\u00f6n a 4. Metr\u00f3, Etele Pl\u00e1za, 19 \u00e9s 49 villamos, BKV busz \u00e1llom\u00e1s \u00e9s t\u00e1vols\u00e1gi busz p\u00e1lyaudvar is van.<\/p>\n\n\n\n<p>A r\u00e9szletek\u00e9rt, menetrendek\u00e9rt, jegy\u00e1rak\u00e9rt keresse fel a<\/p>\n\n\n\n\n\n<p>oldalt.<\/p>\n\n\n\n<p>A belv\u00e1rosi k\u00f6zleked\u00e9sben nagy seg\u00edts\u00e9g lehet az online b\u00e9relhet\u0151 ker\u00e9kp\u00e1ros h\u00e1l\u00f3zat, vagy az elektromos roller. Budapesten jelenleg n\u00e9gy szolg\u00e1ltat\u00f3 k\u00edn\u00e1lat\u00e1b\u00f3l v\u00e1laszthat: <\/p>\n\n\n\n<p class=\"has-text-align-center\"><a href=\"https:\/\/molbubi.hu\/hu\/\">MOL Bubi<\/a><\/p>\n\n\n\n<p class=\"has-text-align-center\"><a href=\"https:\/\/birdfly.hu\/\">Bird<\/a><\/p>\n\n\n\n\n\n<p class=\"has-text-align-center\"><a href=\"https:\/\/www.tier.app\/hu\/\">Tier<\/a><\/p>\n","protected":false},"excerpt":{"rendered":"<p>Itt vagyunk. A sarkon a 114\/214 buszok meg\u00e1ll\u00f3i. K\u00f6zvetlen a sarkon t\u00fal a 213, 287 meg\u00e1ll\u00f3k. &nbsp; &nbsp; &nbsp; &nbsp; Aut\u00f3val a f\u0151v\u00e1rosba \u00e9rkez\u0151k az &hellip;<\/p>\n","protected":false},"author":3,"featured_media":0,"parent":0,"menu_order":0,"comment_status":"closed","ping_status":"closed","template":"","meta":{"saved_in_kubio":true,"footnotes":""},"class_list":["post-1171","page","type-page","status-publish","hentry"],"kubio_ai_page_context":{"short_desc":"","purpose":"general"},"jetpack_sharing_enabled":true,"_links":{"self":[{"href":"https:\/\/evaapartman.hu\/en\/wp-json\/wp\/v2\/pages\/1171","targetHints":{"allow":["GET"]}}],"collection":[{"href":"https:\/\/evaapartman.hu\/en\/wp-json\/wp\/v2\/pages"}],"about":[{"href":"https:\/\/evaapartman.hu\/en\/wp-json\/wp\/v2\/types\/page"}],"author":[{"embeddable":true,"href":"https:\/\/evaapartman.hu\/en\/wp-json\/wp\/v2\/users\/3"}],"replies":[{"embeddable":true,"href":"https:\/\/evaapartman.hu\/en\/wp-json\/wp\/v2\/comments?post=1171"}],"version-history":[{"count":55,"href":"https:\/\/evaapartman.hu\/en\/wp-json\/wp\/v2\/pages\/1171\/revisions"}],"predecessor-version":[{"id":1569,"href":"https:\/\/evaapartman.hu\/en\/wp-json\/wp\/v2\/pages\/1171\/revisions\/1569"}],"wp:attachment":[{"href":"https:\/\/evaapartman.hu\/en\/wp-json\/wp\/v2\/media?parent=1171"}],"curies":[{"name":"wp","href":"https:\/\/api.w.org\/{rel}","templated":true}]}}