{"id":128,"date":"2024-12-19T22:58:27","date_gmt":"2024-12-19T22:58:27","guid":{"rendered":"https:\/\/evaapartman.hu\/?page_id=128"},"modified":"2025-01-24T01:11:04","modified_gmt":"2025-01-24T00:11:04","slug":"rolunk","status":"publish","type":"page","link":"https:\/\/evaapartman.hu\/de\/rolunk\/","title":{"rendered":"R\u00f3lunk"},"content":{"rendered":"\n<details class=\"wp-block-details alignwide is-layout-flow wp-block-details-is-layout-flow\"><summary>Itt vagyunk<\/summary>\n<div class=\"wp-block-columns is-layout-flex wp-container-core-columns-is-layout-9d6595d7 wp-block-columns-is-layout-flex\">\n<div class=\"wp-block-column is-layout-flow wp-block-column-is-layout-flow\" style=\"border-style:none;border-width:0px;flex-basis:100%\">\n<div class=\"wp-block-group\"><div class=\"wp-block-group__inner-container is-layout-constrained wp-block-group-is-layout-constrained\">\n<p class=\"has-text-align-left has-large-font-size\">Csaba \u00e9s \u00c9va<\/p>\n\n\n\n<section class=\"wp-block-cover alignleft\"><span aria-hidden=\"true\" class=\"wp-block-cover__background has-background-dim\"><\/span><img loading=\"lazy\" decoding=\"async\" width=\"567\" height=\"1024\" class=\"wp-block-cover__image-background wp-image-627\" alt=\"\" src=\"https:\/\/evaapartman.hu\/wp-content\/uploads\/2024\/12\/1735042909143-1-567x1024.jpg\" data-object-fit=\"cover\" srcset=\"https:\/\/evaapartman.hu\/wp-content\/uploads\/2024\/12\/1735042909143-1-567x1024.jpg 567w, https:\/\/evaapartman.hu\/wp-content\/uploads\/2024\/12\/1735042909143-1-166x300.jpg 166w, https:\/\/evaapartman.hu\/wp-content\/uploads\/2024\/12\/1735042909143-1-768x1387.jpg 768w, https:\/\/evaapartman.hu\/wp-content\/uploads\/2024\/12\/1735042909143-1-850x1536.jpg 850w, https:\/\/evaapartman.hu\/wp-content\/uploads\/2024\/12\/1735042909143-1-598x1080.jpg 598w, https:\/\/evaapartman.hu\/wp-content\/uploads\/2024\/12\/1735042909143-1.jpg 1063w\" sizes=\"(max-width: 567px) 100vw, 567px\" \/><div class=\"wp-block-cover__inner-container is-layout-flow wp-block-cover-is-layout-flow\">\n<p class=\"has-text-align-center has-large-font-size\"><\/p>\n<\/div><\/section>\n<\/div><\/div>\n<\/div>\n<\/div>\n<\/details>\n\n\n\n<hr class=\"wp-block-separator has-alpha-channel-opacity is-style-wide\"\/>\n\n\n\n<h2 class=\"wp-block-heading has-text-align-left\"><strong>NTAK regisztr\u00e1ci\u00f3: MA24105063<\/strong><\/h2>\n\n\n\n<hr class=\"wp-block-separator has-alpha-channel-opacity is-style-wide\"\/>\n\n\n<p style=\"text-align: left;\"><iframe loading=\"lazy\" style=\"border: 0;\" src=\"https:\/\/www.google.com\/maps\/embed?pb=!1m18!1m12!1m3!1d861.3407100343384!2d18.992857457741604!3d47.412174659960286!2m3!1f0!2f0!3f0!3m2!1i1024!2i768!4f13.1!3m3!1m2!1s0x4741e71f352234af%3A0x4007644b1420f222!2sBudapest%2C%20XIII.%20u.%206%2C%201222!5e1!3m2!1shu!2shu!4v1735249430577!5m2!1shu!2shu\" width=\"600\" height=\"450\" allowfullscreen=\"allowfullscreen\"><\/iframe><\/p>\n\n\n<div class=\"wp-block-jetpack-contact-info\">\n<div class=\"wp-block-jetpack-email\">e-mail: <a href=\"mailto:eva@evaapartman.hu\">eva@evaapartman.hu<\/a><\/div>\n<div class=\"wp-block-jetpack-phone\"><span class=\"phone-prefix\">Tel.: <\/span><a href=\"tel:+36302819673\">+36302819673<\/a><\/div>\n<\/div>\n\n\n\n<p>1224 BUDAPEST, XIII. utca 6.<\/p>\n\n\n\n\n\n<hr class=\"wp-block-separator has-alpha-channel-opacity is-style-wide\"\/>\n\n\n\n\n\n<h2 class=\"wp-block-heading has-text-align-center\"><mark style=\"background-color:#E9B44C\" class=\"has-inline-color has-headings-color\">K\u00fcldj\u00f6n \u00fczenetet nek\u00fcnk<\/mark><\/h2>\n\n\n\n\n\n\n\n<details class=\"wp-block-details is-layout-flow wp-block-details-is-layout-flow\" open><summary>Utols\u00f3 m\u00f3dos\u00edt\u00e1s d\u00e1tuma:<\/summary>\n<p><\/p>\n<\/details>\n\n\n<div class=\"wp-block-post-date__modified-date wp-block-post-date\"><time datetime=\"2025-01-24T01:11:04+01:00\">2025-01-24<\/time><\/div>\n\n\n<p><\/p>\n","protected":false},"excerpt":{"rendered":"<p>Itt vagyunk Csaba \u00e9s \u00c9va NTAK regisztr\u00e1ci\u00f3: MA24105063 e-mail: eva@evaapartman.hu Tel.: +36302819673 1224 BUDAPEST, XIII. utca 6. Adatkezel\u00e9si t\u00e1ly\u00e9koztat\u00f3 K\u00fcldj\u00f6n \u00fczenetet nek\u00fcnk Utols\u00f3 m\u00f3dos\u00edt\u00e1s d\u00e1tuma:<\/p>\n","protected":false},"author":3,"featured_media":0,"parent":0,"menu_order":0,"comment_status":"closed","ping_status":"closed","template":"","meta":{"saved_in_kubio":true,"footnotes":""},"class_list":["post-128","page","type-page","status-publish","hentry"],"kubio_ai_page_context":{"short_desc":"","purpose":"general"},"jetpack_sharing_enabled":true,"_links":{"self":[{"href":"https:\/\/evaapartman.hu\/de\/wp-json\/wp\/v2\/pages\/128","targetHints":{"allow":["GET"]}}],"collection":[{"href":"https:\/\/evaapartman.hu\/de\/wp-json\/wp\/v2\/pages"}],"about":[{"href":"https:\/\/evaapartman.hu\/de\/wp-json\/wp\/v2\/types\/page"}],"author":[{"embeddable":true,"href":"https:\/\/evaapartman.hu\/de\/wp-json\/wp\/v2\/users\/3"}],"replies":[{"embeddable":true,"href":"https:\/\/evaapartman.hu\/de\/wp-json\/wp\/v2\/comments?post=128"}],"version-history":[{"count":45,"href":"https:\/\/evaapartman.hu\/de\/wp-json\/wp\/v2\/pages\/128\/revisions"}],"predecessor-version":[{"id":1486,"href":"https:\/\/evaapartman.hu\/de\/wp-json\/wp\/v2\/pages\/128\/revisions\/1486"}],"wp:attachment":[{"href":"https:\/\/evaapartman.hu\/de\/wp-json\/wp\/v2\/media?parent=128"}],"curies":[{"name":"wp","href":"https:\/\/api.w.org\/{rel}","templated":true}]}}