{"id":122,"date":"2024-12-19T22:57:41","date_gmt":"2024-12-19T22:57:41","guid":{"rendered":"https:\/\/evaapartman.hu\/?page_id=122"},"modified":"2025-08-20T16:45:54","modified_gmt":"2025-08-20T15:45:54","slug":"galeria","status":"publish","type":"page","link":"https:\/\/evaapartman.hu\/de\/galeria\/","title":{"rendered":"Gal\u00e9ria"},"content":{"rendered":"\n\n\n\n\n\n\n\n\n\n\n\n\n\n\n\n\n<hr class=\"wp-block-separator has-alpha-channel-opacity\"\/>\n\n\n\n\n\n<figure class=\"wp-block-video\"><video controls src=\"https:\/\/nc-studio.com\/videos\/22136. S\u00fcntanya.mov\"><\/video><\/figure>\n\n\n","protected":false},"excerpt":{"rendered":"<p>A h\u00e1z &#8211; t\u00e9len\/ny\u00e1ron Konyha, \u00e9tkez\u0151, kamra Nagyszoba Kisszoba F\u00fcrd\u0151szoba WC K\u00f6zleked\u0151 Kert\u00fcnk Id\u0151szakos l\u00e1togat\u00f3ink a madarak Copyright Sule Eva Copyright Sule Eva 22136. S\u00fcntanya &hellip;<\/p>\n","protected":false},"author":3,"featured_media":0,"parent":0,"menu_order":0,"comment_status":"closed","ping_status":"closed","template":"","meta":{"saved_in_kubio":true,"footnotes":""},"class_list":["post-122","page","type-page","status-publish","hentry"],"kubio_ai_page_context":{"short_desc":"","purpose":"general"},"jetpack_sharing_enabled":true,"_links":{"self":[{"href":"https:\/\/evaapartman.hu\/de\/wp-json\/wp\/v2\/pages\/122","targetHints":{"allow":["GET"]}}],"collection":[{"href":"https:\/\/evaapartman.hu\/de\/wp-json\/wp\/v2\/pages"}],"about":[{"href":"https:\/\/evaapartman.hu\/de\/wp-json\/wp\/v2\/types\/page"}],"author":[{"embeddable":true,"href":"https:\/\/evaapartman.hu\/de\/wp-json\/wp\/v2\/users\/3"}],"replies":[{"embeddable":true,"href":"https:\/\/evaapartman.hu\/de\/wp-json\/wp\/v2\/comments?post=122"}],"version-history":[{"count":88,"href":"https:\/\/evaapartman.hu\/de\/wp-json\/wp\/v2\/pages\/122\/revisions"}],"predecessor-version":[{"id":1622,"href":"https:\/\/evaapartman.hu\/de\/wp-json\/wp\/v2\/pages\/122\/revisions\/1622"}],"wp:attachment":[{"href":"https:\/\/evaapartman.hu\/de\/wp-json\/wp\/v2\/media?parent=122"}],"curies":[{"name":"wp","href":"https:\/\/api.w.org\/{rel}","templated":true}]}}