{"id":118,"date":"2024-12-19T22:58:39","date_gmt":"2024-12-19T22:58:39","guid":{"rendered":"https:\/\/evaapartman.hu\/?page_id=118"},"modified":"2025-08-19T15:03:26","modified_gmt":"2025-08-19T14:03:26","slug":"szallashely","status":"publish","type":"page","link":"https:\/\/evaapartman.hu\/de\/szallashely\/","title":{"rendered":"Szolg\u00e1ltat\u00e1saink"},"content":{"rendered":"\n<p><\/p>\n\n\n\n\n\n\n\n<div class=\"wp-block-media-text is-stacked-on-mobile is-vertically-aligned-bottom\"><figure class=\"wp-block-media-text__media\"><img loading=\"lazy\" decoding=\"async\" width=\"776\" height=\"1024\" src=\"https:\/\/evaapartman.hu\/wp-content\/uploads\/2025\/08\/IMG_20250801_090320-776x1024.jpg\" alt=\"\" class=\"wp-image-1586 size-full\" srcset=\"https:\/\/evaapartman.hu\/wp-content\/uploads\/2025\/08\/IMG_20250801_090320-776x1024.jpg 776w, https:\/\/evaapartman.hu\/wp-content\/uploads\/2025\/08\/IMG_20250801_090320-227x300.jpg 227w, https:\/\/evaapartman.hu\/wp-content\/uploads\/2025\/08\/IMG_20250801_090320-768x1013.jpg 768w, https:\/\/evaapartman.hu\/wp-content\/uploads\/2025\/08\/IMG_20250801_090320-819x1080.jpg 819w, https:\/\/evaapartman.hu\/wp-content\/uploads\/2025\/08\/IMG_20250801_090320.jpg 1080w\" sizes=\"(max-width: 776px) 100vw, 776px\" \/><\/figure><div class=\"wp-block-media-text__content\">\n<p>K\u00e9t szoba \u00e1ll a vend\u00e9gek rendelkez\u00e9s\u00e9re. A nagyobb szoba nemcsak pihen\u00e9sre, de ak\u00e1r munk\u00e1hoz is helyet biztos\u00edt laptoppal \u00e9rkez\u0151 vend\u00e9geinknek.<\/p>\n\n\n<\/div><\/div>\n\n\n\n\n\n<p><\/p>\n\n\n\n\n\n\n\n\n\n\n\n\n\n\n\n\n\n\n\n<div class=\"wp-block-media-text is-stacked-on-mobile\"><figure class=\"wp-block-media-text__media\"><img loading=\"lazy\" decoding=\"async\" width=\"626\" height=\"358\" src=\"https:\/\/evaapartman.hu\/wp-content\/uploads\/2025\/01\/no-smoking-sign-with-burning-cigarette-dark-background_34950-2931.jpg\" alt=\"\" class=\"wp-image-1186 size-full\" srcset=\"https:\/\/evaapartman.hu\/wp-content\/uploads\/2025\/01\/no-smoking-sign-with-burning-cigarette-dark-background_34950-2931.jpg 626w, https:\/\/evaapartman.hu\/wp-content\/uploads\/2025\/01\/no-smoking-sign-with-burning-cigarette-dark-background_34950-2931-300x172.jpg 300w, https:\/\/evaapartman.hu\/wp-content\/uploads\/2025\/01\/no-smoking-sign-with-burning-cigarette-dark-background_34950-2931-330x190.jpg 330w, https:\/\/evaapartman.hu\/wp-content\/uploads\/2025\/01\/no-smoking-sign-with-burning-cigarette-dark-background_34950-2931-384x220.jpg 384w\" sizes=\"(max-width: 626px) 100vw, 626px\" \/><\/figure><div class=\"wp-block-media-text__content\">\n<p>Nemdoh\u00e1nyz\u00f3 sz\u00e1ll\u00e1shely. K\u00e9rj\u00fck, mell\u0151zze a doh\u00e1nyz\u00e1st a sz\u00e1ll\u00e1shelyen bel\u00fcl. <\/p>\n\n\n\n<p>Doh\u00e1nyozni csak a nagyszoba erk\u00e9ly\u00e9n vagy az \u00e9p\u00fcleten k\u00edv\u00fcl szabad.<\/p>\n\n\n\n<p>K\u00f6sz\u00f6nj\u00fck!<\/p>\n<\/div><\/div>\n","protected":false},"excerpt":{"rendered":"<p>\u00c9va Apartman Budapest a f\u0151v\u00e1ros kertv\u00e1rosi r\u00e9sz\u00e9n, nyugodt k\u00f6rnyezetben, egy kertes h\u00e1z emelet\u00e9n tal\u00e1lhat\u00f3. A sz\u00e1ll\u00e1shely csendes utc\u00e1ban helyezkedik el, t\u00e1vol a v\u00e1ros zaj\u00e1t\u00f3l, de &hellip;<\/p>\n","protected":false},"author":3,"featured_media":0,"parent":0,"menu_order":0,"comment_status":"closed","ping_status":"closed","template":"","meta":{"saved_in_kubio":true,"footnotes":""},"class_list":["post-118","page","type-page","status-publish","hentry"],"kubio_ai_page_context":{"short_desc":"","purpose":"general"},"jetpack_sharing_enabled":true,"_links":{"self":[{"href":"https:\/\/evaapartman.hu\/de\/wp-json\/wp\/v2\/pages\/118","targetHints":{"allow":["GET"]}}],"collection":[{"href":"https:\/\/evaapartman.hu\/de\/wp-json\/wp\/v2\/pages"}],"about":[{"href":"https:\/\/evaapartman.hu\/de\/wp-json\/wp\/v2\/types\/page"}],"author":[{"embeddable":true,"href":"https:\/\/evaapartman.hu\/de\/wp-json\/wp\/v2\/users\/3"}],"replies":[{"embeddable":true,"href":"https:\/\/evaapartman.hu\/de\/wp-json\/wp\/v2\/comments?post=118"}],"version-history":[{"count":84,"href":"https:\/\/evaapartman.hu\/de\/wp-json\/wp\/v2\/pages\/118\/revisions"}],"predecessor-version":[{"id":1600,"href":"https:\/\/evaapartman.hu\/de\/wp-json\/wp\/v2\/pages\/118\/revisions\/1600"}],"wp:attachment":[{"href":"https:\/\/evaapartman.hu\/de\/wp-json\/wp\/v2\/media?parent=118"}],"curies":[{"name":"wp","href":"https:\/\/api.w.org\/{rel}","templated":true}]}}